{"id":1525,"date":"2025-09-20T20:14:45","date_gmt":"2025-09-20T16:14:45","guid":{"rendered":"https:\/\/www.bigaradesurmer.com\/the-hotel\/"},"modified":"2026-01-16T11:01:17","modified_gmt":"2026-01-16T07:01:17","slug":"a-propos","status":"publish","type":"page","link":"https:\/\/www.bigaradesurmer.com\/fr\/a-propos\/","title":{"rendered":"\u00c0 propos"},"content":{"rendered":"\t\t<div data-elementor-type=\"wp-page\" data-elementor-id=\"1525\" class=\"elementor elementor-1525 elementor-72\" data-elementor-post-type=\"page\">\n\t\t\t\t<div class=\"elementor-element elementor-element-a80024b e-flex e-con-boxed e-con e-parent\" data-id=\"a80024b\" data-element_type=\"container\">\n\t\t\t\t\t<div class=\"e-con-inner\">\n\t\t<div class=\"elementor-element elementor-element-1e45ff8 e-con-full e-flex e-con e-child\" data-id=\"1e45ff8\" data-element_type=\"container\" data-settings=\"{&quot;background_motion_fx_translateY_effect&quot;:&quot;yes&quot;,&quot;background_motion_fx_translateY_speed&quot;:{&quot;unit&quot;:&quot;px&quot;,&quot;size&quot;:10,&quot;sizes&quot;:[]},&quot;background_motion_fx_translateY_affectedRange&quot;:{&quot;unit&quot;:&quot;%&quot;,&quot;size&quot;:&quot;&quot;,&quot;sizes&quot;:{&quot;start&quot;:0,&quot;end&quot;:100}},&quot;background_motion_fx_devices&quot;:[&quot;desktop&quot;,&quot;laptop&quot;,&quot;tablet_extra&quot;,&quot;tablet&quot;,&quot;mobile_extra&quot;,&quot;mobile&quot;]}\">\n\t\t<div class=\"elementor-element elementor-element-8843f01 e-con-full e-flex e-con e-child\" data-id=\"8843f01\" data-element_type=\"container\">\n\t\t\t\t<div class=\"elementor-element elementor-element-4394b00 elementor-widget elementor-widget-html\" data-id=\"4394b00\" data-element_type=\"widget\" data-widget_type=\"html.default\">\n\t\t\t\t\t<div class=\"booking-block-module\">\r\n  <div class=\"booking-dates\">\r\n  <div class=\"checkin block\">\r\n    <p>Arriv\u00e9e<\/p>\r\n<input type=\"text\" class=\"clickable\" id=\"checkin\" placeholder=\"00\/00\/00\">\r\n\r\n  <\/div>\r\n    <div class=\"checkout block\">\r\n      <p>D\u00e9part<\/p>\r\n     <input type=\"text\" class=\"clickable\" id=\"checkout\" placeholder=\"00\/00\/00\">\r\n    <\/div>\r\n    <div class=\"quests block\">\r\n      <p>Occupant(s)<\/p>\r\n      <form action=\"\">\r\n        <input type=\"text\" class=\"clickable\" id=\"guests\" readonly value=\"1\">\r\n\r\n      <\/form>\r\n    <\/div>\r\n    <div class=\"button block\">\r\n      <button class=\"book-btn2\">R\u00e9servez votre <br>s\u00e9jour<\/button>\r\n      \r\n    <\/div>\r\n \r\n<\/div>\r\n <div id=\"datepicker\"><\/div>\r\n\r\n<div id=\"guest-picker\" style=\"display:none; position:absolute; z-index:9999; background:#fff; border:1px solid #ccc; padding:10px;\">\r\n  <button class=\"decrease\">-<\/button>\r\n1\r\n<button class=\"increase\">+<\/button>\r\n<\/div>\r\n<\/div>\r\n\r\n\r\n\t\t\t\t<\/div>\n\t\t\t\t<\/div>\n\t\t\t\t<div class=\"elementor-element elementor-element-93991c6 elementor-widget elementor-widget-image\" data-id=\"93991c6\" data-element_type=\"widget\" data-widget_type=\"image.default\">\n\t\t\t\t\t\t\t\t\t\t\t\t\t\t\t<img fetchpriority=\"high\" decoding=\"async\" width=\"1500\" height=\"843\" src=\"https:\/\/www.bigaradesurmer.com\/wp-content\/uploads\/2025\/09\/exterior-hotel-1.jpg\" class=\"attachment-full size-full wp-image-1519\" alt=\"\" srcset=\"https:\/\/www.bigaradesurmer.com\/wp-content\/uploads\/2025\/09\/exterior-hotel-1.jpg 1500w, https:\/\/www.bigaradesurmer.com\/wp-content\/uploads\/2025\/09\/exterior-hotel-1-300x169.jpg 300w, https:\/\/www.bigaradesurmer.com\/wp-content\/uploads\/2025\/09\/exterior-hotel-1-1024x575.jpg 1024w, https:\/\/www.bigaradesurmer.com\/wp-content\/uploads\/2025\/09\/exterior-hotel-1-768x432.jpg 768w\" sizes=\"(max-width: 1500px) 100vw, 1500px\" \/>\t\t\t\t\t\t\t\t\t\t\t\t\t\t\t<\/div>\n\t\t\t\t<\/div>\n\t\t<div class=\"elementor-element elementor-element-d7bcd08 e-con-full e-flex e-con e-child\" data-id=\"d7bcd08\" data-element_type=\"container\">\n\t\t<div class=\"elementor-element elementor-element-193c8ce e-con-full e-flex e-con e-child\" data-id=\"193c8ce\" data-element_type=\"container\">\n\t\t\t\t<div class=\"elementor-element elementor-element-0459df5 elementor-widget elementor-widget-heading\" data-id=\"0459df5\" data-element_type=\"widget\" data-widget_type=\"heading.default\">\n\t\t\t\t\t<h2 class=\"elementor-heading-title elementor-size-default\">Votre nouvelle exp\u00e9rience authentique \u00e0<\/h2>\t\t\t\t<\/div>\n\t\t\t\t<div class=\"elementor-element elementor-element-3ce6a39 elementor-widget elementor-widget-heading\" data-id=\"3ce6a39\" data-element_type=\"widget\" data-widget_type=\"heading.default\">\n\t\t\t\t\t<h1 class=\"elementor-heading-title elementor-size-default\">Baladirou, Rodrigues<\/h1>\t\t\t\t<\/div>\n\t\t\t\t<\/div>\n\t\t<div class=\"elementor-element elementor-element-3c49fa6 e-con-full e-flex e-con e-child\" data-id=\"3c49fa6\" data-element_type=\"container\">\n\t\t<div class=\"elementor-element elementor-element-417964f e-con-full e-flex e-con e-child\" data-id=\"417964f\" data-element_type=\"container\">\n\t\t\t\t<div class=\"elementor-element elementor-element-f2209d5 elementor-widget elementor-widget-image\" data-id=\"f2209d5\" data-element_type=\"widget\" data-widget_type=\"image.default\">\n\t\t\t\t\t\t\t\t\t\t\t\t\t\t\t<img decoding=\"async\" width=\"264\" height=\"272\" src=\"https:\/\/www.bigaradesurmer.com\/wp-content\/uploads\/2025\/09\/bigarade-illustration-transat.svg\" class=\"attachment-full size-full wp-image-1521\" alt=\"\" \/>\t\t\t\t\t\t\t\t\t\t\t\t\t\t\t<\/div>\n\t\t\t\t<\/div>\n\t\t<div class=\"elementor-element elementor-element-7240103 e-con-full e-flex e-con e-child\" data-id=\"7240103\" data-element_type=\"container\">\n\t\t\t\t<div class=\"elementor-element elementor-element-b26f8a3 elementor-widget elementor-widget-text-editor\" data-id=\"b26f8a3\" data-element_type=\"widget\" data-widget_type=\"text-editor.default\">\n\t\t\t\t\t\t\t\t\t<p>Une villa boutique qui vous fera tomber amoureux de Rodrigues<br>N\u00e9e d\u2019une vision : devenir le sanctuaire pr\u00e9f\u00e9r\u00e9 de ceux qui aiment l\u2019\u00eele, notre villa boutique marie le doux rythme de Rodrigues \u00e0 un design raffin\u00e9.<\/p><p>Avec 14 h\u00e9bergements con\u00e7us pour offrir intimit\u00e9, confort et \u00e9l\u00e9gance discr\u00e8te, nous accueillons familles, couples et voyageurs qui sauront appr\u00e9cier la \u201cslow life\u201d et l\u2019authenticit\u00e9 de Rodrigues. Guid\u00e9s par notre mission d\u2019excellence, nous cr\u00e9ons pour chaque s\u00e9jour des instants inoubliables qui vous accompagneront bien au-del\u00e0 de votre d\u00e9part. <\/p>\t\t\t\t\t\t\t\t<\/div>\n\t\t<div class=\"elementor-element elementor-element-2ab4641 e-con-full e-flex e-con e-child\" data-id=\"2ab4641\" data-element_type=\"container\">\n\t\t<div class=\"elementor-element elementor-element-f3610f5 e-con-full e-flex e-con e-child\" data-id=\"f3610f5\" data-element_type=\"container\">\n\t\t\t\t<div class=\"elementor-element elementor-element-05c6bd3 elementor-widget elementor-widget-counter\" data-id=\"05c6bd3\" data-element_type=\"widget\" data-widget_type=\"counter.default\">\n\t\t\t\t\t\t\t<div class=\"elementor-counter\">\n\t\t\t<div class=\"elementor-counter-title\">suites exclusives<\/div>\t\t\t<div class=\"elementor-counter-number-wrapper\">\n\t\t\t\t<span class=\"elementor-counter-number-prefix\"><\/span>\n\t\t\t\t<span class=\"elementor-counter-number\" data-duration=\"2000\" data-to-value=\"14\" data-from-value=\"0\" data-delimiter=\",\">0<\/span>\n\t\t\t\t<span class=\"elementor-counter-number-suffix\"><\/span>\n\t\t\t<\/div>\n\t\t<\/div>\n\t\t\t\t\t\t<\/div>\n\t\t\t\t<\/div>\n\t\t<div class=\"elementor-element elementor-element-f232121 e-con-full e-flex e-con e-child\" data-id=\"f232121\" data-element_type=\"container\">\n\t\t\t\t<div class=\"elementor-element elementor-element-dc5f6b0 elementor-widget elementor-widget-counter\" data-id=\"dc5f6b0\" data-element_type=\"widget\" data-widget_type=\"counter.default\">\n\t\t\t\t\t\t\t<div class=\"elementor-counter\">\n\t\t\t<div class=\"elementor-counter-title\">authentiques<\/div>\t\t\t<div class=\"elementor-counter-number-wrapper\">\n\t\t\t\t<span class=\"elementor-counter-number-prefix\"><\/span>\n\t\t\t\t<span class=\"elementor-counter-number\" data-duration=\"2000\" data-to-value=\"100\" data-from-value=\"0\" data-delimiter=\",\">0<\/span>\n\t\t\t\t<span class=\"elementor-counter-number-suffix\">%<\/span>\n\t\t\t<\/div>\n\t\t<\/div>\n\t\t\t\t\t\t<\/div>\n\t\t\t\t<\/div>\n\t\t<div class=\"elementor-element elementor-element-ed6fbeb e-con-full e-flex e-con e-child\" data-id=\"ed6fbeb\" data-element_type=\"container\">\n\t\t\t\t<div class=\"elementor-element elementor-element-249aa3a elementor-widget elementor-widget-counter\" data-id=\"249aa3a\" data-element_type=\"widget\" data-widget_type=\"counter.default\">\n\t\t\t\t\t\t\t<div class=\"elementor-counter\">\n\t\t\t<div class=\"elementor-counter-title\">jours de soleil par an<\/div>\t\t\t<div class=\"elementor-counter-number-wrapper\">\n\t\t\t\t<span class=\"elementor-counter-number-prefix\"><\/span>\n\t\t\t\t<span class=\"elementor-counter-number\" data-duration=\"2000\" data-to-value=\"300\" data-from-value=\"0\" data-delimiter=\",\">0<\/span>\n\t\t\t\t<span class=\"elementor-counter-number-suffix\">+<\/span>\n\t\t\t<\/div>\n\t\t<\/div>\n\t\t\t\t\t\t<\/div>\n\t\t\t\t<\/div>\n\t\t\t\t<\/div>\n\t\t\t\t<\/div>\n\t\t\t\t<\/div>\n\t\t\t\t<\/div>\n\t\t\t\t\t<\/div>\n\t\t\t\t<\/div>\n\t\t<div class=\"elementor-element elementor-element-73ef8d0 e-flex e-con-boxed e-con e-parent\" data-id=\"73ef8d0\" data-element_type=\"container\" data-settings=\"{&quot;background_background&quot;:&quot;classic&quot;}\">\n\t\t\t\t\t<div class=\"e-con-inner\">\n\t\t<div class=\"elementor-element elementor-element-9bffff1 e-con-full e-flex e-con e-child\" data-id=\"9bffff1\" data-element_type=\"container\">\n\t\t\t\t<div class=\"elementor-element elementor-element-e658687 elementor-widget elementor-widget-image\" data-id=\"e658687\" data-element_type=\"widget\" data-widget_type=\"image.default\">\n\t\t\t\t\t\t\t\t\t\t\t\t\t\t\t<img decoding=\"async\" width=\"379\" height=\"578\" src=\"https:\/\/www.bigaradesurmer.com\/wp-content\/uploads\/2025\/09\/bigarade-way-of-life-image-1.jpg\" class=\"attachment-full size-full wp-image-1522\" alt=\"\" srcset=\"https:\/\/www.bigaradesurmer.com\/wp-content\/uploads\/2025\/09\/bigarade-way-of-life-image-1.jpg 379w, https:\/\/www.bigaradesurmer.com\/wp-content\/uploads\/2025\/09\/bigarade-way-of-life-image-1-197x300.jpg 197w\" sizes=\"(max-width: 379px) 100vw, 379px\" \/>\t\t\t\t\t\t\t\t\t\t\t\t\t\t\t<\/div>\n\t\t\t\t<\/div>\n\t\t<div class=\"elementor-element elementor-element-67875c8 e-con-full e-flex e-con e-child\" data-id=\"67875c8\" data-element_type=\"container\">\n\t\t<div class=\"elementor-element elementor-element-37a6f7c e-con-full e-flex e-con e-child\" data-id=\"37a6f7c\" data-element_type=\"container\">\n\t\t\t\t<div class=\"elementor-element elementor-element-c6f9cea elementor-widget elementor-widget-heading\" data-id=\"c6f9cea\" data-element_type=\"widget\" data-widget_type=\"heading.default\">\n\t\t\t\t\t<h2 class=\"elementor-heading-title elementor-size-default\">Bien plus qu\u2019un s\u00e9jour,<\/h2>\t\t\t\t<\/div>\n\t\t\t\t<div class=\"elementor-element elementor-element-671dba7 elementor-widget elementor-widget-heading\" data-id=\"671dba7\" data-element_type=\"widget\" data-widget_type=\"heading.default\">\n\t\t\t\t\t<h2 class=\"elementor-heading-title elementor-size-default\">l\u2019art de vivre Rodrigues<\/h2>\t\t\t\t<\/div>\n\t\t\t\t<\/div>\n\t\t<div class=\"elementor-element elementor-element-471f938 e-con-full e-flex e-con e-child\" data-id=\"471f938\" data-element_type=\"container\">\n\t\t<div class=\"elementor-element elementor-element-d545895 e-con-full e-flex e-con e-child\" data-id=\"d545895\" data-element_type=\"container\">\n\t\t\t\t<div class=\"elementor-element elementor-element-6b20808 elementor-widget elementor-widget-heading\" data-id=\"6b20808\" data-element_type=\"widget\" data-widget_type=\"heading.default\">\n\t\t\t\t\t<h3 class=\"elementor-heading-title elementor-size-default\">Ralentir et savourer la \u201cslow life\u201d<\/h3>\t\t\t\t<\/div>\n\t\t\t\t<div class=\"elementor-element elementor-element-33d88ba elementor-widget elementor-widget-text-editor\" data-id=\"33d88ba\" data-element_type=\"widget\" data-widget_type=\"text-editor.default\">\n\t\t\t\t\t\t\t\t\t<p>D\u00e9connectez, respirez et laissez-vous porter par le rythme apaisant de Rodrigues.<\/p>\t\t\t\t\t\t\t\t<\/div>\n\t\t\t\t<\/div>\n\t\t<div class=\"elementor-element elementor-element-e3b26c6 e-con-full e-flex e-con e-child\" data-id=\"e3b26c6\" data-element_type=\"container\">\n\t\t\t\t<div class=\"elementor-element elementor-element-807bdc7 elementor-widget elementor-widget-heading\" data-id=\"807bdc7\" data-element_type=\"widget\" data-widget_type=\"heading.default\">\n\t\t\t\t\t<h3 class=\"elementor-heading-title elementor-size-default\">- La famille avant tout, les couples toujours les bienvenus<\/h3>\t\t\t\t<\/div>\n\t\t\t\t<div class=\"elementor-element elementor-element-275b508 elementor-widget elementor-widget-text-editor\" data-id=\"275b508\" data-element_type=\"widget\" data-widget_type=\"text-editor.default\">\n\t\t\t\t\t\t\t\t\t<p>Une atmosph\u00e8re paisible et conviviale en bord de mer, propice aux moments de qualit\u00e9.<\/p>\t\t\t\t\t\t\t\t<\/div>\n\t\t\t\t<\/div>\n\t\t<div class=\"elementor-element elementor-element-cfe5108 e-con-full e-flex e-con e-child\" data-id=\"cfe5108\" data-element_type=\"container\">\n\t\t\t\t<div class=\"elementor-element elementor-element-5f63bc3 elementor-widget elementor-widget-heading\" data-id=\"5f63bc3\" data-element_type=\"widget\" data-widget_type=\"heading.default\">\n\t\t\t\t\t<h3 class=\"elementor-heading-title elementor-size-default\">Rodrigues ancr\u00e9 dans le c\u0153ur<\/h3>\t\t\t\t<\/div>\n\t\t\t\t<div class=\"elementor-element elementor-element-ab5516b elementor-widget elementor-widget-text-editor\" data-id=\"ab5516b\" data-element_type=\"widget\" data-widget_type=\"text-editor.default\">\n\t\t\t\t\t\t\t\t\t<p>Inspir\u00e9 par les habitants, la nature et la culture qui rendent cette \u00eele unique.<\/p>\t\t\t\t\t\t\t\t<\/div>\n\t\t\t\t<\/div>\n\t\t<div class=\"elementor-element elementor-element-7f356c2 e-con-full e-flex e-con e-child\" data-id=\"7f356c2\" data-element_type=\"container\">\n\t\t\t\t<div class=\"elementor-element elementor-element-773da19 elementor-widget elementor-widget-heading\" data-id=\"773da19\" data-element_type=\"widget\" data-widget_type=\"heading.default\">\n\t\t\t\t\t<h3 class=\"elementor-heading-title elementor-size-default\">Une hospitalit\u00e9 chaleureuse<\/h3>\t\t\t\t<\/div>\n\t\t\t\t<div class=\"elementor-element elementor-element-74d848f elementor-widget elementor-widget-text-editor\" data-id=\"74d848f\" data-element_type=\"widget\" data-widget_type=\"text-editor.default\">\n\t\t\t\t\t\t\t\t\t<p>De l\u2019accueil au d\u00e9part, les sourires et la gentillesse de notre \u00e9quipe vous accompagnent \u00e0 chaque instant.<\/p>\t\t\t\t\t\t\t\t<\/div>\n\t\t\t\t<\/div>\n\t\t\t\t<\/div>\n\t\t\t\t<\/div>\n\t\t\t\t\t<\/div>\n\t\t\t\t<\/div>\n\t\t<div class=\"elementor-element elementor-element-5b5d81b e-flex e-con-boxed e-con e-parent\" data-id=\"5b5d81b\" data-element_type=\"container\">\n\t\t\t\t\t<div class=\"e-con-inner\">\n\t\t<div class=\"elementor-element elementor-element-d1dafe6 e-con-full e-flex e-con e-child\" data-id=\"d1dafe6\" data-element_type=\"container\">\n\t\t\t\t<div class=\"elementor-element elementor-element-0663376 elementor-widget elementor-widget-heading\" data-id=\"0663376\" data-element_type=\"widget\" data-widget_type=\"heading.default\">\n\t\t\t\t\t<h2 class=\"elementor-heading-title elementor-size-default\">Un joyau cach\u00e9 \u00e0 d\u00e9couvrir \u00e0 Baladirou, Rodrigues<\/h2>\t\t\t\t<\/div>\n\t\t\t\t<div class=\"elementor-element elementor-element-bf56d71 elementor-widget elementor-widget-text-editor\" data-id=\"bf56d71\" data-element_type=\"widget\" data-widget_type=\"text-editor.default\">\n\t\t\t\t\t\t\t\t\t<p>Nos villas priv\u00e9es sont nich\u00e9es \u00e0 Baladirou, un village paisible au nord de Rodrigues. \u00c0 quelques pas de l\u2019oc\u00e9an, Bigarade sur mer vous permet d\u2019explorer les paysages intacts de l\u2019\u00eele, les criques cach\u00e9es et les sentiers pittoresques.<\/p><p>R\u00e9veillez-vous au son des vagues, respirez \u00e0 pleins poumons et impr\u00e9gnez-vous de la nature et du charme authentique de Rodrigues.<\/p>\t\t\t\t\t\t\t\t<\/div>\n\t\t\t\t<\/div>\n\t\t<div class=\"elementor-element elementor-element-280ba44 e-con-full e-flex e-con e-child\" data-id=\"280ba44\" data-element_type=\"container\">\n\t\t\t\t<div class=\"elementor-element elementor-element-701f7d0 elementor-widget elementor-widget-google_maps\" data-id=\"701f7d0\" data-element_type=\"widget\" data-widget_type=\"google_maps.default\">\n\t\t\t\t\t\t\t<div class=\"elementor-custom-embed\">\n\t\t\t<iframe loading=\"lazy\"\n\t\t\t\t\tsrc=\"https:\/\/maps.google.com\/maps?q=%20Rodrigues&#038;t=m&#038;z=12&#038;output=embed&#038;iwloc=near\"\n\t\t\t\t\ttitle=\" Rodrigues\"\n\t\t\t\t\taria-label=\" Rodrigues\"\n\t\t\t><\/iframe>\n\t\t<\/div>\n\t\t\t\t\t\t<\/div>\n\t\t\t\t<\/div>\n\t\t\t\t\t<\/div>\n\t\t\t\t<\/div>\n\t\t<div class=\"elementor-element elementor-element-dce66e3 elementor-hidden-desktop elementor-hidden-laptop elementor-hidden-tablet_extra elementor-hidden-tablet elementor-hidden-mobile_extra elementor-hidden-mobile e-flex e-con-boxed e-con e-parent\" data-id=\"dce66e3\" data-element_type=\"container\">\n\t\t\t\t\t<div class=\"e-con-inner\">\n\t\t\t\t<div class=\"elementor-element elementor-element-844c057 elementor-widget elementor-widget-heading\" data-id=\"844c057\" data-element_type=\"widget\" data-widget_type=\"heading.default\">\n\t\t\t\t\t<h2 class=\"elementor-heading-title elementor-size-default\">Rencontrez notre \u00e9quipe sympathique et souriante<\/h2>\t\t\t\t<\/div>\n\t\t\t\t<div class=\"elementor-element elementor-element-aaf9389 elementor-widget__width-initial elementor-widget elementor-widget-text-editor\" data-id=\"aaf9389\" data-element_type=\"widget\" data-widget_type=\"text-editor.default\">\n\t\t\t\t\t\t\t\t\t<p>L\u2019hospitalit\u00e9 du peuple rodriguais n\u2019est pas une l\u00e9gende ! D\u00e8s votre arriv\u00e9e, vous vous sentirez chez vous gr\u00e2ce aux sourires chaleureux et \u00e0 la bienveillance de notre \u00e9quipe. Fiers de leur \u00eele qu\u2019ils ch\u00e9rissent tant, nos collaborateurs ont \u00e0 c\u0153ur de partager ses bonnes ondes avec vous et de cr\u00e9er une atmosph\u00e8re dans laquelle vous aurez envie de baigner encore longtemps.  <\/p>\t\t\t\t\t\t\t\t<\/div>\n\t\t\t\t<div class=\"elementor-element elementor-element-2a2aa9d elementor-widget elementor-widget-image\" data-id=\"2a2aa9d\" data-element_type=\"widget\" data-widget_type=\"image.default\">\n\t\t\t\t\t\t\t\t\t\t\t\t\t\t\t<img loading=\"lazy\" decoding=\"async\" width=\"1200\" height=\"398\" src=\"https:\/\/www.bigaradesurmer.com\/wp-content\/uploads\/2025\/09\/bigarade-team-photo.jpg\" class=\"attachment-full size-full wp-image-1523\" alt=\"\" srcset=\"https:\/\/www.bigaradesurmer.com\/wp-content\/uploads\/2025\/09\/bigarade-team-photo.jpg 1200w, https:\/\/www.bigaradesurmer.com\/wp-content\/uploads\/2025\/09\/bigarade-team-photo-300x100.jpg 300w, https:\/\/www.bigaradesurmer.com\/wp-content\/uploads\/2025\/09\/bigarade-team-photo-1024x340.jpg 1024w, https:\/\/www.bigaradesurmer.com\/wp-content\/uploads\/2025\/09\/bigarade-team-photo-768x255.jpg 768w\" sizes=\"(max-width: 1200px) 100vw, 1200px\" \/>\t\t\t\t\t\t\t\t\t\t\t\t\t\t\t<\/div>\n\t\t\t\t\t<\/div>\n\t\t\t\t<\/div>\n\t\t<div class=\"elementor-element elementor-element-8cbef99 e-flex e-con-boxed e-con e-parent\" data-id=\"8cbef99\" data-element_type=\"container\">\n\t\t\t\t\t<div class=\"e-con-inner\">\n\t\t<div class=\"elementor-element elementor-element-408663f e-con-full e-flex e-con e-child\" data-id=\"408663f\" data-element_type=\"container\">\n\t\t\t\t<div class=\"elementor-element elementor-element-2aadafc elementor-widget elementor-widget-heading\" data-id=\"2aadafc\" data-element_type=\"widget\" data-widget_type=\"heading.default\">\n\t\t\t\t\t<h2 class=\"elementor-heading-title elementor-size-default\">Profitez d\u2019un s\u00e9jour durable en prenant soin de Rodrigues<\/h2>\t\t\t\t<\/div>\n\t\t\t\t<div class=\"elementor-element elementor-element-09a8b6c elementor-widget elementor-widget-text-editor\" data-id=\"09a8b6c\" data-element_type=\"widget\" data-widget_type=\"text-editor.default\">\n\t\t\t\t\t\t\t\t\t<p>Aimez et prot\u00e9gez Rodrigues tels des habitants ! Choisissez une villa \u00e9cologique. <br> <br>\u00c0 Bigarade sur Mer, nous nous engageons \u00e0 respecter la terre et la communaut\u00e9 locale pour un h\u00e9bergement \u00e9coresponsable \u00e0 Rodrigues : gestion des d\u00e9chets, chauffe-eaux solaires, installation de panneaux photovolta\u00efques\u2026 Ici, hospitalit\u00e9 et durabilit\u00e9 vont de pair.<br> <br>Que vous soyez \u00e9co-touristes ou retrait\u00e9s actifs \u00e0 la recherche d\u2019un s\u00e9jour durable \u00e0 Rodrigues, notre villa boutique vous accueille dans un esprit de simplicit\u00e9, de confort et d\u2019harmonie avec la nature.<\/p>\t\t\t\t\t\t\t\t<\/div>\n\t\t\t\t<\/div>\n\t\t<div class=\"elementor-element elementor-element-7450a0a e-con-full e-flex e-con e-child\" data-id=\"7450a0a\" data-element_type=\"container\">\n\t\t\t\t<div class=\"elementor-element elementor-element-d23adf7 elementor-widget elementor-widget-image\" data-id=\"d23adf7\" data-element_type=\"widget\" data-widget_type=\"image.default\">\n\t\t\t\t\t\t\t\t\t\t\t\t\t\t\t<img loading=\"lazy\" decoding=\"async\" width=\"483\" height=\"408\" src=\"https:\/\/www.bigaradesurmer.com\/wp-content\/uploads\/2025\/09\/bigarade-caring-image.jpg\" class=\"attachment-full size-full wp-image-1524\" alt=\"\" srcset=\"https:\/\/www.bigaradesurmer.com\/wp-content\/uploads\/2025\/09\/bigarade-caring-image.jpg 483w, https:\/\/www.bigaradesurmer.com\/wp-content\/uploads\/2025\/09\/bigarade-caring-image-300x253.jpg 300w\" sizes=\"(max-width: 483px) 100vw, 483px\" \/>\t\t\t\t\t\t\t\t\t\t\t\t\t\t\t<\/div>\n\t\t\t\t<\/div>\n\t\t\t\t\t<\/div>\n\t\t\t\t<\/div>\n\t\t<div class=\"elementor-element elementor-element-b666775 e-flex e-con-boxed e-con e-parent\" data-id=\"b666775\" data-element_type=\"container\">\n\t\t\t\t\t<div class=\"e-con-inner\">\n\t\t<div class=\"elementor-element elementor-element-34c38b3 e-con-full e-flex e-con e-child\" data-id=\"34c38b3\" data-element_type=\"container\" data-settings=\"{&quot;background_background&quot;:&quot;classic&quot;}\">\n\t\t\t\t<div class=\"elementor-element elementor-element-cf1c59f elementor-widget elementor-widget-heading\" data-id=\"cf1c59f\" data-element_type=\"widget\" data-widget_type=\"heading.default\">\n\t\t\t\t\t<h2 class=\"elementor-heading-title elementor-size-default\">Vous r\u00eavez d\u2019un s\u00e9jour \u00e0 Bigarade sur mer?<\/h2>\t\t\t\t<\/div>\n\t\t<div class=\"elementor-element elementor-element-cf422d2 e-con-full e-flex e-con e-child\" data-id=\"cf422d2\" data-element_type=\"container\">\n\t\t\t\t<div class=\"elementor-element elementor-element-e72b4a1 main-btn elementor-widget elementor-widget-button\" data-id=\"e72b4a1\" data-element_type=\"widget\" data-widget_type=\"button.default\">\n\t\t\t\t\t\t\t\t\t\t<a class=\"elementor-button elementor-button-link elementor-size-sm\" href=\"https:\/\/www.bigaradesurmer.com\/fr\/chambres\/\">\n\t\t\t\t\t\t<span class=\"elementor-button-content-wrapper\">\n\t\t\t\t\t\t\t\t\t<span class=\"elementor-button-text\">D\u00e9couvrez nos suites<\/span>\n\t\t\t\t\t<\/span>\n\t\t\t\t\t<\/a>\n\t\t\t\t\t\t\t\t<\/div>\n\t\t\t\t<div class=\"elementor-element elementor-element-0f3cb7f main-btn elementor-widget elementor-widget-button\" data-id=\"0f3cb7f\" data-element_type=\"widget\" data-widget_type=\"button.default\">\n\t\t\t\t\t\t\t\t\t\t<a class=\"elementor-button elementor-button-link elementor-size-sm\" href=\"#elementor-action%3Aaction%3Dpopup%3Aopen%26settings%3DeyJpZCI6MjAyNywidG9nZ2xlIjpmYWxzZX0%3D\">\n\t\t\t\t\t\t<span class=\"elementor-button-content-wrapper\">\n\t\t\t\t\t\t\t\t\t<span class=\"elementor-button-text\">R\u00e9servez votre s\u00e9jour<\/span>\n\t\t\t\t\t<\/span>\n\t\t\t\t\t<\/a>\n\t\t\t\t\t\t\t\t<\/div>\n\t\t\t\t<\/div>\n\t\t\t\t<\/div>\n\t\t\t\t\t<\/div>\n\t\t\t\t<\/div>\n\t\t\t\t<\/div>\n\t\t","protected":false},"excerpt":{"rendered":"<p>Arriv\u00e9e D\u00e9part Occupant(s) R\u00e9servez votre s\u00e9jour &#8211; 1 + Votre nouvelle exp\u00e9rience authentique \u00e0 Baladirou, Rodrigues Une villa boutique qui vous fera tomber amoureux de RodriguesN\u00e9e d\u2019une vision : devenir le sanctuaire pr\u00e9f\u00e9r\u00e9 de ceux qui aiment l\u2019\u00eele, notre villa boutique marie le doux rythme de Rodrigues \u00e0 un design raffin\u00e9. Avec 14 h\u00e9bergements con\u00e7us [&hellip;]<\/p>\n","protected":false},"author":1,"featured_media":0,"parent":0,"menu_order":0,"comment_status":"closed","ping_status":"closed","template":"elementor_header_footer","meta":{"_acf_changed":false,"inline_featured_image":false,"footnotes":""},"class_list":["post-1525","page","type-page","status-publish","hentry"],"acf":[],"_links":{"self":[{"href":"https:\/\/www.bigaradesurmer.com\/fr\/wp-json\/wp\/v2\/pages\/1525","targetHints":{"allow":["GET"]}}],"collection":[{"href":"https:\/\/www.bigaradesurmer.com\/fr\/wp-json\/wp\/v2\/pages"}],"about":[{"href":"https:\/\/www.bigaradesurmer.com\/fr\/wp-json\/wp\/v2\/types\/page"}],"author":[{"embeddable":true,"href":"https:\/\/www.bigaradesurmer.com\/fr\/wp-json\/wp\/v2\/users\/1"}],"replies":[{"embeddable":true,"href":"https:\/\/www.bigaradesurmer.com\/fr\/wp-json\/wp\/v2\/comments?post=1525"}],"version-history":[{"count":27,"href":"https:\/\/www.bigaradesurmer.com\/fr\/wp-json\/wp\/v2\/pages\/1525\/revisions"}],"predecessor-version":[{"id":2092,"href":"https:\/\/www.bigaradesurmer.com\/fr\/wp-json\/wp\/v2\/pages\/1525\/revisions\/2092"}],"wp:attachment":[{"href":"https:\/\/www.bigaradesurmer.com\/fr\/wp-json\/wp\/v2\/media?parent=1525"}],"curies":[{"name":"wp","href":"https:\/\/api.w.org\/{rel}","templated":true}]}}